{"id":3117,"date":"2025-01-26T06:19:14","date_gmt":"2025-01-26T06:19:14","guid":{"rendered":"https:\/\/dev251.kodesolution.com\/hoteler\/?page_id=3117"},"modified":"2025-11-24T17:37:15","modified_gmt":"2025-11-24T15:37:15","slug":"contact","status":"publish","type":"page","link":"https:\/\/hotel-aletti.fr\/en\/contact\/","title":{"rendered":"Contact"},"content":{"rendered":"\t\t<div data-elementor-type=\"wp-page\" data-elementor-id=\"3117\" class=\"elementor elementor-3117\" data-elementor-post-type=\"page\">\n\t\t\t\t<div class=\"elementor-element elementor-element-284646fc e-flex e-con-boxed tm-col-stretched-none tm-bg-color-over-image e-con e-parent\" data-id=\"284646fc\" data-element_type=\"container\" data-e-type=\"container\" data-settings=\"{&quot;background_background&quot;:&quot;classic&quot;,&quot;background_motion_fx_motion_fx_scrolling&quot;:&quot;yes&quot;,&quot;background_motion_fx_devices&quot;:[&quot;desktop&quot;,&quot;tablet&quot;,&quot;mobile&quot;]}\">\n\t\t\t\t\t<div class=\"e-con-inner\">\n\t\t<div class=\"elementor-element elementor-element-215be4f3 e-con-full e-flex tm-col-stretched-none tm-bg-color-over-image e-con e-child\" data-id=\"215be4f3\" data-element_type=\"container\" data-e-type=\"container\">\n\t\t\t\t<div class=\"elementor-element elementor-element-4f6a6235 elementor-widget elementor-widget-tm-ele-page-title\" data-id=\"4f6a6235\" data-element_type=\"widget\" data-e-type=\"widget\" data-widget_type=\"tm-ele-page-title.default\">\n\t\t\t\t<div class=\"elementor-widget-container\">\n\t\t\t\t\t\r\n\t<h1 class=\"title\" style=\"\">Contact<\/h1>\r\n\r\n\t\t\t\t<\/div>\n\t\t\t\t<\/div>\n\t\t\t\t<\/div>\n\t\t\t\t\t<\/div>\n\t\t\t\t<\/div>\n\t\t<div class=\"elementor-element elementor-element-4d4ffa7 e-flex e-con-boxed tm-col-stretched-none tm-bg-color-over-image e-con e-parent\" data-id=\"4d4ffa7\" data-element_type=\"container\" data-e-type=\"container\">\n\t\t\t\t\t<div class=\"e-con-inner\">\n\t\t<div class=\"elementor-element elementor-element-c1b0d07 e-con-full e-flex tm-col-stretched-none tm-bg-color-over-image e-con e-child\" data-id=\"c1b0d07\" data-element_type=\"container\" data-e-type=\"container\">\n\t\t<div class=\"elementor-element elementor-element-5621d90 e-con-full e-flex tm-col-stretched-none tm-bg-color-over-image e-con e-child\" data-id=\"5621d90\" data-element_type=\"container\" data-e-type=\"container\">\n\t\t\t\t<div class=\"elementor-element elementor-element-38812bc horizontal-line-align-left vertical-line-align-bottom elementor-widget elementor-widget-tm-ele-section-title\" data-id=\"38812bc\" data-element_type=\"widget\" data-e-type=\"widget\" data-widget_type=\"tm-ele-section-title.default\">\n\t\t\t\t<div class=\"elementor-widget-container\">\n\t\t\t\t\t<div class=\"tm-sc-section-title section-title line-right-current-theme \">\r\n\t<div class=\"title-wrapper\">\r\n\t\t\t\t\r\n\r\n<div class=\"sub-title-outer\">\r\n\t\t<div class=\"subtitle \">\r\n\r\n\t\t\r\n\t\tEnvoyez un message\t<\/div>\r\n\t<\/div>\t\t\t<h2 class=\"title \" >\r\n\r\n\t\t\r\n\t\t\t\t<span class=\"title-part1 \">Ecrivez-nous ici<\/span>\r\n\t\t\r\n\t\t\t\t\t\t\t\r\n\t<\/h2>\r\n\t<div class=\"title-seperator-line\"><\/div>\t\t\t\t\t\t<\/div>\r\n<\/div>\t\t\t\t<\/div>\n\t\t\t\t<\/div>\n\t\t\t\t<div class=\"elementor-element elementor-element-3046c2e tm-contact-form-7-button-align-left tm-contact-form-7-button-custom elementor-widget elementor-widget-tm-ele-contact-form-7\" data-id=\"3046c2e\" data-element_type=\"widget\" data-e-type=\"widget\" data-widget_type=\"tm-ele-contact-form-7.default\">\n\t\t\t\t<div class=\"elementor-widget-container\">\n\t\t\t\t\t<div class=\"tm-contact-form-7-wrapper\">\r\n\t\t\t\t<div class=\"tm-contact-form tm-contact-form-7 tm-contact-form-3046c2e placeholder-show tm-contact-form-align-default\">\n<div class=\"wpcf7 no-js\" id=\"wpcf7-f266-o1\" lang=\"en-US\" dir=\"ltr\" data-wpcf7-id=\"266\">\n<div class=\"screen-reader-response\"><p role=\"status\" aria-live=\"polite\" aria-atomic=\"true\"><\/p> <ul><\/ul><\/div>\n<form action=\"\/en\/wp-json\/wp\/v2\/pages\/3117#wpcf7-f266-o1\" method=\"post\" class=\"wpcf7-form init\" aria-label=\"Contact form\" novalidate=\"novalidate\" data-status=\"init\">\n<fieldset class=\"hidden-fields-container\"><input type=\"hidden\" name=\"_wpcf7\" value=\"266\" \/><input type=\"hidden\" name=\"_wpcf7_version\" value=\"6.1.5\" \/><input type=\"hidden\" name=\"_wpcf7_locale\" value=\"en_US\" \/><input type=\"hidden\" name=\"_wpcf7_unit_tag\" value=\"wpcf7-f266-o1\" \/><input type=\"hidden\" name=\"_wpcf7_container_post\" value=\"0\" \/><input type=\"hidden\" name=\"_wpcf7_posted_data_hash\" value=\"\" \/>\n<\/fieldset>\n<div class=\"contact\">\n  <div class=\"row g-3\">\n    <div class=\"col-sm-6\">\n        <span class=\"wpcf7-form-control-wrap\" data-name=\"your-name\"><input size=\"40\" maxlength=\"400\" class=\"wpcf7-form-control wpcf7-text wpcf7-validates-as-required form-control\" aria-required=\"true\" aria-invalid=\"false\" placeholder=\"Nom\" value=\"\" type=\"text\" name=\"your-name\" \/><\/span>\n    <\/div>\n    <div class=\"col-sm-6\">\n        <span class=\"wpcf7-form-control-wrap\" data-name=\"your-email\"><input size=\"40\" maxlength=\"400\" class=\"wpcf7-form-control wpcf7-email wpcf7-validates-as-required wpcf7-text wpcf7-validates-as-email form-control\" aria-required=\"true\" aria-invalid=\"false\" placeholder=\"Email\" value=\"\" type=\"email\" name=\"your-email\" \/><\/span>\n    <\/div>\n\t<div class=\"col-sm-12\">\n        <span class=\"wpcf7-form-control-wrap\" data-name=\"your-subject\"><input size=\"40\" maxlength=\"400\" class=\"wpcf7-form-control wpcf7-text wpcf7-validates-as-required form-control\" aria-required=\"true\" aria-invalid=\"false\" placeholder=\"Objet\" value=\"\" type=\"text\" name=\"your-subject\" \/><\/span>\n    <\/div>\n    <div class=\"col-sm-12\">\n        <span class=\"wpcf7-form-control-wrap\" data-name=\"your-message\"><textarea cols=\"40\" rows=\"7\" maxlength=\"2000\" class=\"wpcf7-form-control wpcf7-textarea wpcf7-validates-as-required form-control\" aria-required=\"true\" aria-invalid=\"false\" placeholder=\"Message\" name=\"your-message\"><\/textarea><\/span>\n    <\/div>\n    <div class=\"col-sm-12\">\n        <input class=\"wpcf7-form-control wpcf7-submit has-spinner btn btn-theme-colored2\" type=\"submit\" value=\"ENVOYER\" \/>\n    <\/div>\n  <\/div>\n<\/div><div class=\"wpcf7-response-output\" aria-hidden=\"true\"><\/div>\n<\/form>\n<\/div>\n<\/div>\r\n\t\t\t<\/div>\t\t\t\t<\/div>\n\t\t\t\t<\/div>\n\t\t\t\t<\/div>\n\t\t<div class=\"elementor-element elementor-element-9fb0454 e-con-full e-flex tm-col-stretched-none tm-bg-color-over-image e-con e-child\" data-id=\"9fb0454\" data-element_type=\"container\" data-e-type=\"container\">\n\t\t\t\t<div class=\"elementor-element elementor-element-b271d44 horizontal-line-align-left vertical-line-align-bottom elementor-widget elementor-widget-tm-ele-section-title\" data-id=\"b271d44\" data-element_type=\"widget\" data-e-type=\"widget\" data-widget_type=\"tm-ele-section-title.default\">\n\t\t\t\t<div class=\"elementor-widget-container\">\n\t\t\t\t\t<div class=\"tm-sc-section-title section-title line-right-current-theme \">\r\n\t<div class=\"title-wrapper\">\r\n\t\t\t\t\r\n\r\n<div class=\"sub-title-outer\">\r\n\t\t<div class=\"subtitle \">\r\n\r\n\t\t\r\n\t\tBesoin d'un renseignement?\t<\/div>\r\n\t<\/div>\t\t\t<h2 class=\"title \" >\r\n\r\n\t\t\r\n\t\t\t\t<span class=\"title-part1 \">Pour nous joindre<\/span>\r\n\t\t\r\n\t\t\t\t\t\t\t\r\n\t<\/h2>\r\n\t<div class=\"title-seperator-line\"><\/div>\t\t\t\t\t\t<\/div>\r\n<\/div>\t\t\t\t<\/div>\n\t\t\t\t<\/div>\n\t\t\t\t<div class=\"elementor-element elementor-element-36280e3 elementor-widget elementor-widget-tm-ele-text-editor\" data-id=\"36280e3\" data-element_type=\"widget\" data-e-type=\"widget\" data-widget_type=\"tm-ele-text-editor.default\">\n\t\t\t\t<div class=\"elementor-widget-container\">\n\t\t\t\t\t\t\t<div class=\"tm-text-editor\">\r\n\t\t<p>Besoin de nous joindre ? Voici nos coordonn\u00e9es compl\u00e8tes avec adresse, num\u00e9ro et email \u00e0 disposition.<\/p>\t\t<\/div>\r\n\t\t\t\t\t<\/div>\n\t\t\t\t<\/div>\n\t\t\t\t<div class=\"elementor-element elementor-element-072a430 elementor-widget elementor-widget-tm-ele-iconbox\" data-id=\"072a430\" data-element_type=\"widget\" data-e-type=\"widget\" data-widget_type=\"tm-ele-iconbox.default\">\n\t\t\t\t<div class=\"elementor-widget-container\">\n\t\t\t\t\t<div class=\"tm-sc-icon-box icon-box icon-left font-icon icon-default icon-left\">\r\n\t\r\n  \t<div class=\"icon-box-wrapper\">\r\n\t\t\r\n\t\t<div class=\"icon-wrapper\">\r\n\t\t<div class=\"icon icon-default icon-type-font-icon icon-md\">\r\n\t\t\t<i aria-hidden=\"true\" class=\" flaticon-common-call-3\"><\/i>\t\t<\/div>\r\n\r\n\t\t\t<\/div>\r\n\t\t\t<div class=\"icon-text\">\r\n\t\t\t\t\t\t\r\n\t\t\t\t<h4 class=\"icon-box-title \">\r\n\t\t\t\t\t\t\tNous appeler\t\t\t\t\t<\/h4>\r\n\t\t\t\t\t<div class=\"content\"><p><a href=\"tel:+33470302020\">04 70 30 20 20<\/a><\/p><\/div>\r\n\t\t\t\r\n\t\t\t\r\n\t\r\n\t\t\t\t\t<\/div>\r\n\t\t<div class=\"clearfix\"><\/div>\r\n\t<\/div>\r\n<\/div>\t\t\t\t<\/div>\n\t\t\t\t<\/div>\n\t\t\t\t<div class=\"elementor-element elementor-element-b035630 elementor-widget elementor-widget-tm-ele-iconbox\" data-id=\"b035630\" data-element_type=\"widget\" data-e-type=\"widget\" data-widget_type=\"tm-ele-iconbox.default\">\n\t\t\t\t<div class=\"elementor-widget-container\">\n\t\t\t\t\t<div class=\"tm-sc-icon-box icon-box icon-left font-icon icon-default icon-left\">\r\n\t\r\n  \t<div class=\"icon-box-wrapper\">\r\n\t\t\r\n\t\t<div class=\"icon-wrapper\">\r\n\t\t<div class=\"icon icon-default icon-type-font-icon icon-md\">\r\n\t\t\t<i aria-hidden=\"true\" class=\" flaticon-common-email-1\"><\/i>\t\t<\/div>\r\n\r\n\t\t\t<\/div>\r\n\t\t\t<div class=\"icon-text\">\r\n\t\t\t\t\t\t\r\n\t\t\t\t<h4 class=\"icon-box-title \">\r\n\t\t\t\t\t\t\tNous \u00e9crire\t\t\t\t\t<\/h4>\r\n\t\t\t\t\t<div class=\"content\"><p><a href=\"mailto:contact@aletti.fr\">contact@aletti.fr<\/a><\/p><\/div>\r\n\t\t\t\r\n\t\t\t\r\n\t\r\n\t\t\t\t\t<\/div>\r\n\t\t<div class=\"clearfix\"><\/div>\r\n\t<\/div>\r\n<\/div>\t\t\t\t<\/div>\n\t\t\t\t<\/div>\n\t\t\t\t<div class=\"elementor-element elementor-element-852e966 elementor-widget elementor-widget-tm-ele-iconbox\" data-id=\"852e966\" data-element_type=\"widget\" data-e-type=\"widget\" data-widget_type=\"tm-ele-iconbox.default\">\n\t\t\t\t<div class=\"elementor-widget-container\">\n\t\t\t\t\t<div class=\"tm-sc-icon-box icon-box icon-left font-icon icon-default icon-left\">\r\n\t\r\n  \t<div class=\"icon-box-wrapper\">\r\n\t\t\r\n\t\t<div class=\"icon-wrapper\">\r\n\t\t<div class=\"icon icon-default icon-type-font-icon icon-md\">\r\n\t\t\t<i aria-hidden=\"true\" class=\" flaticon-common-email-1\"><\/i>\t\t<\/div>\r\n\r\n\t\t\t<\/div>\r\n\t\t\t<div class=\"icon-text\">\r\n\t\t\t\t\t\t\r\n\t\t\t\t<h4 class=\"icon-box-title \">\r\n\t\t\t\t\t\t\tR\u00e9server une table\t\t\t\t\t<\/h4>\r\n\t\t\t\t\t<div class=\"content\"><p><a href=\"mailto:alettireception@aletti.fr\">alettireception@aletti.fr<\/a><\/p><\/div>\r\n\t\t\t\r\n\t\t\t\r\n\t\r\n\t\t\t\t\t<\/div>\r\n\t\t<div class=\"clearfix\"><\/div>\r\n\t<\/div>\r\n<\/div>\t\t\t\t<\/div>\n\t\t\t\t<\/div>\n\t\t\t\t<div class=\"elementor-element elementor-element-468dd3e elementor-widget elementor-widget-tm-ele-iconbox\" data-id=\"468dd3e\" data-element_type=\"widget\" data-e-type=\"widget\" data-widget_type=\"tm-ele-iconbox.default\">\n\t\t\t\t<div class=\"elementor-widget-container\">\n\t\t\t\t\t<div class=\"tm-sc-icon-box icon-box icon-left font-icon icon-default icon-left\">\r\n\t\r\n  \t<div class=\"icon-box-wrapper\">\r\n\t\t\r\n\t\t<div class=\"icon-wrapper\">\r\n\t\t<div class=\"icon icon-default icon-type-font-icon icon-md\">\r\n\t\t\t<i aria-hidden=\"true\" class=\" flaticon-common-location\"><\/i>\t\t<\/div>\r\n\r\n\t\t\t<\/div>\r\n\t\t\t<div class=\"icon-text\">\r\n\t\t\t\t\t\t\r\n\t\t\t\t<h4 class=\"icon-box-title \">\r\n\t\t\t\t\t\t\tNous trouver\t\t\t\t\t<\/h4>\r\n\t\t\t\t\t<div class=\"content\"><p><a href=\"https:\/\/www.google.com\/maps\/place\/Aletti+Palace+H%C3%B4tel\/@46.1232102,3.4162935,16z\/data=!3m1!4b1!4m6!3m5!1s0x47f6cd0bb935f789:0xbcebef55b257c049!8m2!3d46.1232102!4d3.4188684!16s%2Fg%2F1vd7587k?authuser=0&amp;entry=ttu&amp;g_ep=EgoyMDI1MDgxNy4wIKXMDSoASAFQAw%3D%3D\" target=\"_blank\" rel=\"noopener\">3 Place Joseph Aletti 03200 Vichy<\/a><\/p><\/div>\r\n\t\t\t\r\n\t\t\t\r\n\t\r\n\t\t\t\t\t<\/div>\r\n\t\t<div class=\"clearfix\"><\/div>\r\n\t<\/div>\r\n<\/div>\t\t\t\t<\/div>\n\t\t\t\t<\/div>\n\t\t\t\t<\/div>\n\t\t\t\t<\/div>\n\t\t\t\t\t<\/div>\n\t\t\t\t<\/div>\n\t\t<div class=\"elementor-element elementor-element-bb3a12c e-con-full e-flex tm-col-stretched-none tm-bg-color-over-image e-con e-parent\" data-id=\"bb3a12c\" data-element_type=\"container\" data-e-type=\"container\">\n\t\t\t\t<div class=\"elementor-element elementor-element-52f20d5 elementor-widget elementor-widget-tm-ele-text-editor\" data-id=\"52f20d5\" data-element_type=\"widget\" data-e-type=\"widget\" data-widget_type=\"tm-ele-text-editor.default\">\n\t\t\t\t<div class=\"elementor-widget-container\">\n\t\t\t\t\t\t\t<div class=\"tm-text-editor\">\r\n\t\t<iframe height=\"430\" style=\"filter: grayscale(100%);\" title=\"Aletti Palace\" src=\"https:\/\/www.google.com\/maps\/embed?pb=!1m18!1m12!1m3!1d5530.766488830409!2d3.4176453126892032!3d46.12319532747364!2m3!1f0!2f0!3f0!3m2!1i1024!2i768!4f13.1!3m3!1m2!1s0x47f6cd0bb935f789%3A0xbcebef55b257c049!2sAletti%20Palace%20H%C3%B4tel!5e0!3m2!1sfr!2sfr!4v1756130337311!5m2!1sfr!2sfr\" style=\"display: inline-block; width: 0px; overflow: hidden; line-height: 0;\" class=\"mce_SELRES_start\">\ufeff<\/span><span data-mce-type=\"bookmark\" style=\"display: inline-block; width: 0px; overflow: hidden; line-height: 0;\" class=\"mce_SELRES_start\">\ufeff<\/span><\/iframe>\n\t\t<\/div>\r\n\t\t\t\t\t<\/div>\n\t\t\t\t<\/div>\n\t\t\t\t<\/div>\n\t\t\t\t<\/div>\n\t\t","protected":false},"excerpt":{"rendered":"<p>Contact Envoyez un message Ecrivez-nous ici Besoin d&#8217;un renseignement? Pour nous joindre Besoin de nous joindre ? Voici nos coordonn\u00e9es&#8230;<\/p>","protected":false},"author":1,"featured_media":11411,"parent":0,"menu_order":11,"comment_status":"closed","ping_status":"closed","template":"","meta":{"footnotes":""},"class_list":["post-3117","page","type-page","status-publish","has-post-thumbnail","hentry"],"yoast_head":"<!-- This site is optimized with the Yoast SEO plugin v27.4 - https:\/\/yoast.com\/product\/yoast-seo-wordpress\/ -->\n<title>Contact - Aletti Palace H\u00f4tel<\/title>\n<meta name=\"robots\" content=\"noindex, follow\" \/>\n<meta property=\"og:locale\" content=\"en_US\" \/>\n<meta property=\"og:type\" content=\"article\" \/>\n<meta property=\"og:title\" content=\"Contact - Aletti Palace H\u00f4tel\" \/>\n<meta property=\"og:description\" content=\"Contact Envoyez un message Ecrivez-nous ici Besoin d&#8217;un renseignement? Pour nous joindre Besoin de nous joindre ? Voici nos coordonn\u00e9es...\" \/>\n<meta property=\"og:url\" content=\"https:\/\/hotel-aletti.fr\/en\/contact\/\" \/>\n<meta property=\"og:site_name\" content=\"Aletti Palace H\u00f4tel\" \/>\n<meta property=\"article:publisher\" content=\"https:\/\/www.facebook.com\/AlettiPalace\/\" \/>\n<meta property=\"article:modified_time\" content=\"2025-11-24T15:37:15+00:00\" \/>\n<meta property=\"og:image\" content=\"https:\/\/hotel-aletti.fr\/wp-content\/uploads\/2025\/08\/reception2.jpg\" \/>\n\t<meta property=\"og:image:width\" content=\"1280\" \/>\n\t<meta property=\"og:image:height\" content=\"850\" \/>\n\t<meta property=\"og:image:type\" content=\"image\/jpeg\" \/>\n<meta name=\"twitter:card\" content=\"summary_large_image\" \/>\n<meta name=\"twitter:label1\" content=\"Est. reading time\" \/>\n\t<meta name=\"twitter:data1\" content=\"1 minute\" \/>\n<script type=\"application\/ld+json\" class=\"yoast-schema-graph\">{\"@context\":\"https:\\\/\\\/schema.org\",\"@graph\":[{\"@type\":\"WebPage\",\"@id\":\"https:\\\/\\\/hotel-aletti.fr\\\/contact\\\/\",\"url\":\"https:\\\/\\\/hotel-aletti.fr\\\/contact\\\/\",\"name\":\"Contact - Aletti Palace H\u00f4tel\",\"isPartOf\":{\"@id\":\"https:\\\/\\\/hotel-aletti.fr\\\/#website\"},\"primaryImageOfPage\":{\"@id\":\"https:\\\/\\\/hotel-aletti.fr\\\/contact\\\/#primaryimage\"},\"image\":{\"@id\":\"https:\\\/\\\/hotel-aletti.fr\\\/contact\\\/#primaryimage\"},\"thumbnailUrl\":\"https:\\\/\\\/hotel-aletti.fr\\\/wp-content\\\/uploads\\\/2025\\\/08\\\/reception2.jpg\",\"datePublished\":\"2025-01-26T06:19:14+00:00\",\"dateModified\":\"2025-11-24T15:37:15+00:00\",\"breadcrumb\":{\"@id\":\"https:\\\/\\\/hotel-aletti.fr\\\/contact\\\/#breadcrumb\"},\"inLanguage\":\"en-US\",\"potentialAction\":[{\"@type\":\"ReadAction\",\"target\":[\"https:\\\/\\\/hotel-aletti.fr\\\/contact\\\/\"]}]},{\"@type\":\"ImageObject\",\"inLanguage\":\"en-US\",\"@id\":\"https:\\\/\\\/hotel-aletti.fr\\\/contact\\\/#primaryimage\",\"url\":\"https:\\\/\\\/hotel-aletti.fr\\\/wp-content\\\/uploads\\\/2025\\\/08\\\/reception2.jpg\",\"contentUrl\":\"https:\\\/\\\/hotel-aletti.fr\\\/wp-content\\\/uploads\\\/2025\\\/08\\\/reception2.jpg\",\"width\":1280,\"height\":850,\"caption\":\"hall r\u00e9ception accueil\"},{\"@type\":\"BreadcrumbList\",\"@id\":\"https:\\\/\\\/hotel-aletti.fr\\\/contact\\\/#breadcrumb\",\"itemListElement\":[{\"@type\":\"ListItem\",\"position\":1,\"name\":\"Accueil\",\"item\":\"https:\\\/\\\/hotel-aletti.fr\\\/\"},{\"@type\":\"ListItem\",\"position\":2,\"name\":\"Contact\"}]},{\"@type\":\"WebSite\",\"@id\":\"https:\\\/\\\/hotel-aletti.fr\\\/#website\",\"url\":\"https:\\\/\\\/hotel-aletti.fr\\\/\",\"name\":\"Aletti Palace H\u00f4tel\",\"description\":\"\",\"publisher\":{\"@id\":\"https:\\\/\\\/hotel-aletti.fr\\\/#organization\"},\"potentialAction\":[{\"@type\":\"SearchAction\",\"target\":{\"@type\":\"EntryPoint\",\"urlTemplate\":\"https:\\\/\\\/hotel-aletti.fr\\\/?s={search_term_string}\"},\"query-input\":{\"@type\":\"PropertyValueSpecification\",\"valueRequired\":true,\"valueName\":\"search_term_string\"}}],\"inLanguage\":\"en-US\"},{\"@type\":\"Organization\",\"@id\":\"https:\\\/\\\/hotel-aletti.fr\\\/#organization\",\"name\":\"Aletti Palace H\u00f4tel\",\"url\":\"https:\\\/\\\/hotel-aletti.fr\\\/\",\"logo\":{\"@type\":\"ImageObject\",\"inLanguage\":\"en-US\",\"@id\":\"https:\\\/\\\/hotel-aletti.fr\\\/#\\\/schema\\\/logo\\\/image\\\/\",\"url\":\"https:\\\/\\\/refonte.hotel-aletti.fr\\\/wp-content\\\/uploads\\\/2025\\\/08\\\/logo-1.png\",\"contentUrl\":\"https:\\\/\\\/refonte.hotel-aletti.fr\\\/wp-content\\\/uploads\\\/2025\\\/08\\\/logo-1.png\",\"width\":723,\"height\":345,\"caption\":\"Aletti Palace H\u00f4tel\"},\"image\":{\"@id\":\"https:\\\/\\\/hotel-aletti.fr\\\/#\\\/schema\\\/logo\\\/image\\\/\"},\"sameAs\":[\"https:\\\/\\\/www.facebook.com\\\/AlettiPalace\\\/\",\"https:\\\/\\\/www.instagram.com\\\/hotelalettipalace\\\/\"]}]}<\/script>\n<!-- \/ Yoast SEO plugin. -->","yoast_head_json":{"title":"Contact - Aletti Palace H\u00f4tel","robots":{"index":"noindex","follow":"follow"},"og_locale":"en_US","og_type":"article","og_title":"Contact - Aletti Palace H\u00f4tel","og_description":"Contact Envoyez un message Ecrivez-nous ici Besoin d&#8217;un renseignement? Pour nous joindre Besoin de nous joindre ? Voici nos coordonn\u00e9es...","og_url":"https:\/\/hotel-aletti.fr\/en\/contact\/","og_site_name":"Aletti Palace H\u00f4tel","article_publisher":"https:\/\/www.facebook.com\/AlettiPalace\/","article_modified_time":"2025-11-24T15:37:15+00:00","og_image":[{"width":1280,"height":850,"url":"https:\/\/hotel-aletti.fr\/wp-content\/uploads\/2025\/08\/reception2.jpg","type":"image\/jpeg"}],"twitter_card":"summary_large_image","twitter_misc":{"Est. reading time":"1 minute"},"schema":{"@context":"https:\/\/schema.org","@graph":[{"@type":"WebPage","@id":"https:\/\/hotel-aletti.fr\/contact\/","url":"https:\/\/hotel-aletti.fr\/contact\/","name":"Contact - Aletti Palace H\u00f4tel","isPartOf":{"@id":"https:\/\/hotel-aletti.fr\/#website"},"primaryImageOfPage":{"@id":"https:\/\/hotel-aletti.fr\/contact\/#primaryimage"},"image":{"@id":"https:\/\/hotel-aletti.fr\/contact\/#primaryimage"},"thumbnailUrl":"https:\/\/hotel-aletti.fr\/wp-content\/uploads\/2025\/08\/reception2.jpg","datePublished":"2025-01-26T06:19:14+00:00","dateModified":"2025-11-24T15:37:15+00:00","breadcrumb":{"@id":"https:\/\/hotel-aletti.fr\/contact\/#breadcrumb"},"inLanguage":"en-US","potentialAction":[{"@type":"ReadAction","target":["https:\/\/hotel-aletti.fr\/contact\/"]}]},{"@type":"ImageObject","inLanguage":"en-US","@id":"https:\/\/hotel-aletti.fr\/contact\/#primaryimage","url":"https:\/\/hotel-aletti.fr\/wp-content\/uploads\/2025\/08\/reception2.jpg","contentUrl":"https:\/\/hotel-aletti.fr\/wp-content\/uploads\/2025\/08\/reception2.jpg","width":1280,"height":850,"caption":"hall r\u00e9ception accueil"},{"@type":"BreadcrumbList","@id":"https:\/\/hotel-aletti.fr\/contact\/#breadcrumb","itemListElement":[{"@type":"ListItem","position":1,"name":"Accueil","item":"https:\/\/hotel-aletti.fr\/"},{"@type":"ListItem","position":2,"name":"Contact"}]},{"@type":"WebSite","@id":"https:\/\/hotel-aletti.fr\/#website","url":"https:\/\/hotel-aletti.fr\/","name":"Aletti Palace H\u00f4tel","description":"","publisher":{"@id":"https:\/\/hotel-aletti.fr\/#organization"},"potentialAction":[{"@type":"SearchAction","target":{"@type":"EntryPoint","urlTemplate":"https:\/\/hotel-aletti.fr\/?s={search_term_string}"},"query-input":{"@type":"PropertyValueSpecification","valueRequired":true,"valueName":"search_term_string"}}],"inLanguage":"en-US"},{"@type":"Organization","@id":"https:\/\/hotel-aletti.fr\/#organization","name":"Aletti Palace H\u00f4tel","url":"https:\/\/hotel-aletti.fr\/","logo":{"@type":"ImageObject","inLanguage":"en-US","@id":"https:\/\/hotel-aletti.fr\/#\/schema\/logo\/image\/","url":"https:\/\/refonte.hotel-aletti.fr\/wp-content\/uploads\/2025\/08\/logo-1.png","contentUrl":"https:\/\/refonte.hotel-aletti.fr\/wp-content\/uploads\/2025\/08\/logo-1.png","width":723,"height":345,"caption":"Aletti Palace H\u00f4tel"},"image":{"@id":"https:\/\/hotel-aletti.fr\/#\/schema\/logo\/image\/"},"sameAs":["https:\/\/www.facebook.com\/AlettiPalace\/","https:\/\/www.instagram.com\/hotelalettipalace\/"]}]}},"_links":{"self":[{"href":"https:\/\/hotel-aletti.fr\/en\/wp-json\/wp\/v2\/pages\/3117","targetHints":{"allow":["GET"]}}],"collection":[{"href":"https:\/\/hotel-aletti.fr\/en\/wp-json\/wp\/v2\/pages"}],"about":[{"href":"https:\/\/hotel-aletti.fr\/en\/wp-json\/wp\/v2\/types\/page"}],"author":[{"embeddable":true,"href":"https:\/\/hotel-aletti.fr\/en\/wp-json\/wp\/v2\/users\/1"}],"replies":[{"embeddable":true,"href":"https:\/\/hotel-aletti.fr\/en\/wp-json\/wp\/v2\/comments?post=3117"}],"version-history":[{"count":15,"href":"https:\/\/hotel-aletti.fr\/en\/wp-json\/wp\/v2\/pages\/3117\/revisions"}],"predecessor-version":[{"id":16370,"href":"https:\/\/hotel-aletti.fr\/en\/wp-json\/wp\/v2\/pages\/3117\/revisions\/16370"}],"wp:featuredmedia":[{"embeddable":true,"href":"https:\/\/hotel-aletti.fr\/en\/wp-json\/wp\/v2\/media\/11411"}],"wp:attachment":[{"href":"https:\/\/hotel-aletti.fr\/en\/wp-json\/wp\/v2\/media?parent=3117"}],"curies":[{"name":"wp","href":"https:\/\/api.w.org\/{rel}","templated":true}]}}