{"id":15497,"date":"2025-09-02T13:26:01","date_gmt":"2025-09-02T13:26:01","guid":{"rendered":"https:\/\/refonte.hotel-aletti.fr\/?page_id=15497"},"modified":"2025-09-02T13:32:45","modified_gmt":"2025-09-02T13:32:45","slug":"mentions-legales","status":"publish","type":"page","link":"https:\/\/hotel-aletti.fr\/en\/mentions-legales\/","title":{"rendered":"Legal notices"},"content":{"rendered":"\t\t<div data-elementor-type=\"wp-page\" data-elementor-id=\"15497\" class=\"elementor elementor-15497\" data-elementor-post-type=\"page\">\n\t\t\t\t<div class=\"elementor-element elementor-element-d595f0e e-flex e-con-boxed tm-col-stretched-none tm-bg-color-over-image e-con e-parent\" data-id=\"d595f0e\" data-element_type=\"container\" data-e-type=\"container\" data-settings=\"{&quot;background_background&quot;:&quot;classic&quot;,&quot;background_motion_fx_motion_fx_scrolling&quot;:&quot;yes&quot;,&quot;background_motion_fx_devices&quot;:[&quot;desktop&quot;,&quot;tablet&quot;,&quot;mobile&quot;]}\">\n\t\t\t\t\t<div class=\"e-con-inner\">\n\t\t<div class=\"elementor-element elementor-element-08a44b8 e-con-full e-flex tm-col-stretched-none tm-bg-color-over-image e-con e-child\" data-id=\"08a44b8\" data-element_type=\"container\" data-e-type=\"container\">\n\t\t\t\t<div class=\"elementor-element elementor-element-54b61d1 elementor-widget elementor-widget-tm-ele-page-title\" data-id=\"54b61d1\" data-element_type=\"widget\" data-e-type=\"widget\" data-widget_type=\"tm-ele-page-title.default\">\n\t\t\t\t<div class=\"elementor-widget-container\">\n\t\t\t\t\t\r\n\t<h1 class=\"title\" style=\"\">Mentions l\u00e9gales<\/h1>\r\n\r\n\t\t\t\t<\/div>\n\t\t\t\t<\/div>\n\t\t\t\t<\/div>\n\t\t\t\t\t<\/div>\n\t\t\t\t<\/div>\n\t\t<div class=\"elementor-element elementor-element-f40c771 e-flex e-con-boxed tm-col-stretched-none tm-bg-color-over-image e-con e-parent\" data-id=\"f40c771\" data-element_type=\"container\" data-e-type=\"container\">\n\t\t\t\t\t<div class=\"e-con-inner\">\n\t\t\t\t<div class=\"elementor-element elementor-element-d985d61 elementor-widget elementor-widget-text-editor\" data-id=\"d985d61\" data-element_type=\"widget\" data-e-type=\"widget\" data-widget_type=\"text-editor.default\">\n\t\t\t\t\t\t\t\t\t<section class=\"elementor-element elementor-element-f985c60 e-con-full e-flex e-con e-parent e-lazyloaded\" data-id=\"f985c60\" data-element_type=\"container\" data-settings=\"{&quot;background_background&quot;:&quot;classic&quot;}\">\n<div class=\"elementor-element elementor-element-1e18eb2 e-flex e-con-boxed e-con e-child\" data-id=\"1e18eb2\" data-element_type=\"container\">\n<div class=\"e-con-inner\">\n<div class=\"elementor-element elementor-element-0c65a1d elementor-widget elementor-widget-text-editor\" data-id=\"0c65a1d\" data-element_type=\"widget\" data-widget_type=\"text-editor.default\">\n<div class=\"elementor-widget-container\">\n<p class=\"mentions-date\">En vigueur au 29\/09\/2020<\/p>\n<p class=\"mentions-first\">Conform\u00e9ment aux dispositions des Articles 6-III et 19 de la Loi n\u00b02004-575 du 21 juin 2004 pour la Confiance dans l\u2019\u00e9conomie num\u00e9rique, dite L.C.E.N., il est port\u00e9 \u00e0 la connaissance des utilisateurs du site https:\/\/hotel-aletti.fr\/ les pr\u00e9sentes mentions l\u00e9gales. La connexion et la navigation sur le site Aletti Palace par l\u2019utilisateur implique acceptation int\u00e9grale et sans r\u00e9serve des pr\u00e9sentes mentions l\u00e9gales. Ces derni\u00e8res sont accessibles sur le site \u00e0 la rubrique \u00ab Mentions l\u00e9gales \u00bb.<\/p>\n<h3>ARTICLE 1 : L\u2019\u00e9diteur<\/h3>\n<p>L\u2019\u00e9dition et la direction de la publication du site https:\/\/hotel-aletti.fr\/ est assur\u00e9e par Sylvie Simonin, dont l\u2019adresse email est : sylviesimonin@aletti.fr<\/p>\n<h3>ARTICLE 2 : L\u2019h\u00e9bergeur<\/h3>\n<p>L\u2019h\u00e9bergeur du site https:\/\/hotel-aletti.fr\/ est la Soci\u00e9t\u00e9 Infomaniak, dont le si\u00e8ge social est situ\u00e9 Rue Eug\u00e8ne Marziano 25, 1227 Les Acacias (Gen\u00e8ve)<\/p>\n<h3>ARTICLE 3 : Acc\u00e8s au site<\/h3>\n<p>Le site est accessible par tout endroit, 7j\/7, 24h\/24 sauf cas de force majeure, interruption programm\u00e9e ou non et pouvant d\u00e9coulant d\u2019une n\u00e9cessit\u00e9 de maintenance. En cas de modification, interruption ou suspension des services le site https:\/\/hotel-aletti.fr\/ ne saurait \u00eatre tenu responsable.<\/p>\n<h3>ARTICLE 4 : Collecte des donn\u00e9es<\/h3>\n<p>Le site est exempt\u00e9 de d\u00e9claration \u00e0 la Commission Nationale Informatique et Libert\u00e9s (CNIL) dans la mesure o\u00f9 il ne collecte aucune donn\u00e9e concernant les utilisateurs.<\/p>\n<h3>ARTICLE 5 : Cookies<\/h3>\n<p>L\u2019Utilisateur est inform\u00e9 que lors de ses visites sur le site, un cookie peut s\u2019installer automatiquement sur son logiciel de navigation. En naviguant sur le site, il les accepte. Un cookie est un \u00e9l\u00e9ment qui ne permet pas d\u2019identifier l\u2019Utilisateur mais sert \u00e0 enregistrer des informations relatives \u00e0 la navigation de celui-ci sur le site Internet. L\u2019Utilisateur pourra d\u00e9sactiver ce cookie par l\u2019interm\u00e9diaire des param\u00e8tres figurant au sein de son logiciel de navigation.<\/p>\n<h3>ARTICLE 6 : Propri\u00e9t\u00e9 intellectuelle<\/h3>\n<p>Toute utilisation, reproduction, diffusion, commercialisation, modification de toute ou partie du site https:\/\/hotel-aletti.fr\/, sans autorisation de l\u2019Editeur est prohib\u00e9e et pourra entra\u00een\u00e9e des actions et poursuites judiciaires telles que notamment pr\u00e9vues par le Code de la propri\u00e9t\u00e9 intellectuelle et le Code civil.<\/p>\n<\/div>\n<\/div>\n<\/div>\n<\/div>\n<\/section>\t\t\t\t\t\t\t\t<\/div>\n\t\t\t\t\t<\/div>\n\t\t\t\t<\/div>\n\t\t\t\t<\/div>\n\t\t","protected":false},"excerpt":{"rendered":"<p>Mentions l\u00e9gales En vigueur au 29\/09\/2020 Conform\u00e9ment aux dispositions des Articles 6-III et 19 de la Loi n\u00b02004-575 du 21&#8230;<\/p>","protected":false},"author":1,"featured_media":11405,"parent":0,"menu_order":117,"comment_status":"closed","ping_status":"closed","template":"","meta":{"footnotes":""},"class_list":["post-15497","page","type-page","status-publish","has-post-thumbnail","hentry"],"yoast_head":"<!-- This site is optimized with the Yoast SEO plugin v27.4 - https:\/\/yoast.com\/product\/yoast-seo-wordpress\/ -->\n<title>Mentions l\u00e9gales - Aletti Palace H\u00f4tel<\/title>\n<meta name=\"robots\" content=\"noindex, follow\" \/>\n<meta property=\"og:locale\" content=\"en_US\" \/>\n<meta property=\"og:type\" content=\"article\" \/>\n<meta property=\"og:title\" content=\"Mentions l\u00e9gales - Aletti Palace H\u00f4tel\" \/>\n<meta property=\"og:description\" content=\"Mentions l\u00e9gales En vigueur au 29\/09\/2020 Conform\u00e9ment aux dispositions des Articles 6-III et 19 de la Loi n\u00b02004-575 du 21...\" \/>\n<meta property=\"og:url\" content=\"https:\/\/hotel-aletti.fr\/en\/mentions-legales\/\" \/>\n<meta property=\"og:site_name\" content=\"Aletti Palace H\u00f4tel\" \/>\n<meta property=\"article:publisher\" content=\"https:\/\/www.facebook.com\/AlettiPalace\/\" \/>\n<meta property=\"article:modified_time\" content=\"2025-09-02T13:32:45+00:00\" \/>\n<meta property=\"og:image\" content=\"https:\/\/hotel-aletti.fr\/wp-content\/uploads\/2025\/08\/hotel4.jpg\" \/>\n\t<meta property=\"og:image:width\" content=\"750\" \/>\n\t<meta property=\"og:image:height\" content=\"500\" \/>\n\t<meta property=\"og:image:type\" content=\"image\/jpeg\" \/>\n<meta name=\"twitter:card\" content=\"summary_large_image\" \/>\n<meta name=\"twitter:label1\" content=\"Est. reading time\" \/>\n\t<meta name=\"twitter:data1\" content=\"2 minutes\" \/>\n<script type=\"application\/ld+json\" class=\"yoast-schema-graph\">{\"@context\":\"https:\\\/\\\/schema.org\",\"@graph\":[{\"@type\":\"WebPage\",\"@id\":\"https:\\\/\\\/hotel-aletti.fr\\\/mentions-legales\\\/\",\"url\":\"https:\\\/\\\/hotel-aletti.fr\\\/mentions-legales\\\/\",\"name\":\"Mentions l\u00e9gales - Aletti Palace H\u00f4tel\",\"isPartOf\":{\"@id\":\"https:\\\/\\\/hotel-aletti.fr\\\/#website\"},\"primaryImageOfPage\":{\"@id\":\"https:\\\/\\\/hotel-aletti.fr\\\/mentions-legales\\\/#primaryimage\"},\"image\":{\"@id\":\"https:\\\/\\\/hotel-aletti.fr\\\/mentions-legales\\\/#primaryimage\"},\"thumbnailUrl\":\"https:\\\/\\\/hotel-aletti.fr\\\/wp-content\\\/uploads\\\/2025\\\/08\\\/hotel4.jpg\",\"datePublished\":\"2025-09-02T13:26:01+00:00\",\"dateModified\":\"2025-09-02T13:32:45+00:00\",\"breadcrumb\":{\"@id\":\"https:\\\/\\\/hotel-aletti.fr\\\/mentions-legales\\\/#breadcrumb\"},\"inLanguage\":\"en-US\",\"potentialAction\":[{\"@type\":\"ReadAction\",\"target\":[\"https:\\\/\\\/hotel-aletti.fr\\\/mentions-legales\\\/\"]}]},{\"@type\":\"ImageObject\",\"inLanguage\":\"en-US\",\"@id\":\"https:\\\/\\\/hotel-aletti.fr\\\/mentions-legales\\\/#primaryimage\",\"url\":\"https:\\\/\\\/hotel-aletti.fr\\\/wp-content\\\/uploads\\\/2025\\\/08\\\/hotel4.jpg\",\"contentUrl\":\"https:\\\/\\\/hotel-aletti.fr\\\/wp-content\\\/uploads\\\/2025\\\/08\\\/hotel4.jpg\",\"width\":750,\"height\":500,\"caption\":\"num\u00e9ro de chambre\"},{\"@type\":\"BreadcrumbList\",\"@id\":\"https:\\\/\\\/hotel-aletti.fr\\\/mentions-legales\\\/#breadcrumb\",\"itemListElement\":[{\"@type\":\"ListItem\",\"position\":1,\"name\":\"Accueil\",\"item\":\"https:\\\/\\\/hotel-aletti.fr\\\/\"},{\"@type\":\"ListItem\",\"position\":2,\"name\":\"Mentions l\u00e9gales\"}]},{\"@type\":\"WebSite\",\"@id\":\"https:\\\/\\\/hotel-aletti.fr\\\/#website\",\"url\":\"https:\\\/\\\/hotel-aletti.fr\\\/\",\"name\":\"Aletti Palace H\u00f4tel\",\"description\":\"\",\"publisher\":{\"@id\":\"https:\\\/\\\/hotel-aletti.fr\\\/#organization\"},\"potentialAction\":[{\"@type\":\"SearchAction\",\"target\":{\"@type\":\"EntryPoint\",\"urlTemplate\":\"https:\\\/\\\/hotel-aletti.fr\\\/?s={search_term_string}\"},\"query-input\":{\"@type\":\"PropertyValueSpecification\",\"valueRequired\":true,\"valueName\":\"search_term_string\"}}],\"inLanguage\":\"en-US\"},{\"@type\":\"Organization\",\"@id\":\"https:\\\/\\\/hotel-aletti.fr\\\/#organization\",\"name\":\"Aletti Palace H\u00f4tel\",\"url\":\"https:\\\/\\\/hotel-aletti.fr\\\/\",\"logo\":{\"@type\":\"ImageObject\",\"inLanguage\":\"en-US\",\"@id\":\"https:\\\/\\\/hotel-aletti.fr\\\/#\\\/schema\\\/logo\\\/image\\\/\",\"url\":\"https:\\\/\\\/refonte.hotel-aletti.fr\\\/wp-content\\\/uploads\\\/2025\\\/08\\\/logo-1.png\",\"contentUrl\":\"https:\\\/\\\/refonte.hotel-aletti.fr\\\/wp-content\\\/uploads\\\/2025\\\/08\\\/logo-1.png\",\"width\":723,\"height\":345,\"caption\":\"Aletti Palace H\u00f4tel\"},\"image\":{\"@id\":\"https:\\\/\\\/hotel-aletti.fr\\\/#\\\/schema\\\/logo\\\/image\\\/\"},\"sameAs\":[\"https:\\\/\\\/www.facebook.com\\\/AlettiPalace\\\/\",\"https:\\\/\\\/www.instagram.com\\\/hotelalettipalace\\\/\"]}]}<\/script>\n<!-- \/ Yoast SEO plugin. -->","yoast_head_json":{"title":"Mentions l\u00e9gales - Aletti Palace H\u00f4tel","robots":{"index":"noindex","follow":"follow"},"og_locale":"en_US","og_type":"article","og_title":"Mentions l\u00e9gales - Aletti Palace H\u00f4tel","og_description":"Mentions l\u00e9gales En vigueur au 29\/09\/2020 Conform\u00e9ment aux dispositions des Articles 6-III et 19 de la Loi n\u00b02004-575 du 21...","og_url":"https:\/\/hotel-aletti.fr\/en\/mentions-legales\/","og_site_name":"Aletti Palace H\u00f4tel","article_publisher":"https:\/\/www.facebook.com\/AlettiPalace\/","article_modified_time":"2025-09-02T13:32:45+00:00","og_image":[{"width":750,"height":500,"url":"https:\/\/hotel-aletti.fr\/wp-content\/uploads\/2025\/08\/hotel4.jpg","type":"image\/jpeg"}],"twitter_card":"summary_large_image","twitter_misc":{"Est. reading time":"2 minutes"},"schema":{"@context":"https:\/\/schema.org","@graph":[{"@type":"WebPage","@id":"https:\/\/hotel-aletti.fr\/mentions-legales\/","url":"https:\/\/hotel-aletti.fr\/mentions-legales\/","name":"Mentions l\u00e9gales - Aletti Palace H\u00f4tel","isPartOf":{"@id":"https:\/\/hotel-aletti.fr\/#website"},"primaryImageOfPage":{"@id":"https:\/\/hotel-aletti.fr\/mentions-legales\/#primaryimage"},"image":{"@id":"https:\/\/hotel-aletti.fr\/mentions-legales\/#primaryimage"},"thumbnailUrl":"https:\/\/hotel-aletti.fr\/wp-content\/uploads\/2025\/08\/hotel4.jpg","datePublished":"2025-09-02T13:26:01+00:00","dateModified":"2025-09-02T13:32:45+00:00","breadcrumb":{"@id":"https:\/\/hotel-aletti.fr\/mentions-legales\/#breadcrumb"},"inLanguage":"en-US","potentialAction":[{"@type":"ReadAction","target":["https:\/\/hotel-aletti.fr\/mentions-legales\/"]}]},{"@type":"ImageObject","inLanguage":"en-US","@id":"https:\/\/hotel-aletti.fr\/mentions-legales\/#primaryimage","url":"https:\/\/hotel-aletti.fr\/wp-content\/uploads\/2025\/08\/hotel4.jpg","contentUrl":"https:\/\/hotel-aletti.fr\/wp-content\/uploads\/2025\/08\/hotel4.jpg","width":750,"height":500,"caption":"num\u00e9ro de chambre"},{"@type":"BreadcrumbList","@id":"https:\/\/hotel-aletti.fr\/mentions-legales\/#breadcrumb","itemListElement":[{"@type":"ListItem","position":1,"name":"Accueil","item":"https:\/\/hotel-aletti.fr\/"},{"@type":"ListItem","position":2,"name":"Mentions l\u00e9gales"}]},{"@type":"WebSite","@id":"https:\/\/hotel-aletti.fr\/#website","url":"https:\/\/hotel-aletti.fr\/","name":"Aletti Palace H\u00f4tel","description":"","publisher":{"@id":"https:\/\/hotel-aletti.fr\/#organization"},"potentialAction":[{"@type":"SearchAction","target":{"@type":"EntryPoint","urlTemplate":"https:\/\/hotel-aletti.fr\/?s={search_term_string}"},"query-input":{"@type":"PropertyValueSpecification","valueRequired":true,"valueName":"search_term_string"}}],"inLanguage":"en-US"},{"@type":"Organization","@id":"https:\/\/hotel-aletti.fr\/#organization","name":"Aletti Palace H\u00f4tel","url":"https:\/\/hotel-aletti.fr\/","logo":{"@type":"ImageObject","inLanguage":"en-US","@id":"https:\/\/hotel-aletti.fr\/#\/schema\/logo\/image\/","url":"https:\/\/refonte.hotel-aletti.fr\/wp-content\/uploads\/2025\/08\/logo-1.png","contentUrl":"https:\/\/refonte.hotel-aletti.fr\/wp-content\/uploads\/2025\/08\/logo-1.png","width":723,"height":345,"caption":"Aletti Palace H\u00f4tel"},"image":{"@id":"https:\/\/hotel-aletti.fr\/#\/schema\/logo\/image\/"},"sameAs":["https:\/\/www.facebook.com\/AlettiPalace\/","https:\/\/www.instagram.com\/hotelalettipalace\/"]}]}},"_links":{"self":[{"href":"https:\/\/hotel-aletti.fr\/en\/wp-json\/wp\/v2\/pages\/15497","targetHints":{"allow":["GET"]}}],"collection":[{"href":"https:\/\/hotel-aletti.fr\/en\/wp-json\/wp\/v2\/pages"}],"about":[{"href":"https:\/\/hotel-aletti.fr\/en\/wp-json\/wp\/v2\/types\/page"}],"author":[{"embeddable":true,"href":"https:\/\/hotel-aletti.fr\/en\/wp-json\/wp\/v2\/users\/1"}],"replies":[{"embeddable":true,"href":"https:\/\/hotel-aletti.fr\/en\/wp-json\/wp\/v2\/comments?post=15497"}],"version-history":[{"count":5,"href":"https:\/\/hotel-aletti.fr\/en\/wp-json\/wp\/v2\/pages\/15497\/revisions"}],"predecessor-version":[{"id":15502,"href":"https:\/\/hotel-aletti.fr\/en\/wp-json\/wp\/v2\/pages\/15497\/revisions\/15502"}],"wp:featuredmedia":[{"embeddable":true,"href":"https:\/\/hotel-aletti.fr\/en\/wp-json\/wp\/v2\/media\/11405"}],"wp:attachment":[{"href":"https:\/\/hotel-aletti.fr\/en\/wp-json\/wp\/v2\/media?parent=15497"}],"curies":[{"name":"wp","href":"https:\/\/api.w.org\/{rel}","templated":true}]}}